{"id":8695,"date":"2022-05-04T15:22:56","date_gmt":"2022-05-04T15:22:56","guid":{"rendered":"https:\/\/newsitefrom-dev.local\/ubicaciones\/woodland-hills-personal-injury-lawyers\/"},"modified":"2023-11-21T22:38:42","modified_gmt":"2023-11-21T22:38:42","slug":"abogados-de-lesiones-personales-woodland-hills","status":"publish","type":"page","link":"https:\/\/staging02.westcoasttriallawyers.com\/es\/abogados-de-lesiones-personales-woodland-hills","title":{"rendered":"Abogados Para Lesiones Personales en Woodland Hills"},"content":{"rendered":"\n<h2 class=\"wp-block-heading\" id=\"h-llame-ahora-para-una-consulta-gratuita-con-un-abogado-de-woodland-hills\">Llame ahora para una consulta gratuita con un abogado de Woodland Hills<\/h2>\n\n\n\n<p>\u00bfSufriste lesiones en un accidente causado por negligencia de otra persona? \u00bfSu vida ha estado muy afectada desde el accidente? Si es as\u00ed, puede tener derecho a presentar un reclamo por lesiones personales para obtener una compensaci\u00f3n por sus p\u00e9rdidas. Invitamos a las v\u00edctimas de lesiones personales a que se comuniquen con nuestro equipo legal las 24 horas del d\u00eda, los 7 d\u00edas de la semana para comenzar el proceso de presentaci\u00f3n de un reclamo.<\/p>\n\n\n\n<p>Nuestros abogados de lesiones personales de Woodland Hills tienen m\u00e1s de 100 a\u00f1os de experiencia legal colectiva. Hemos ganado m\u00e1s de 5000 casos de lesiones personales y hemos recuperado m\u00e1s de mil millones de d\u00f3lares en acuerdos para nuestros clientes. Los casos ganados y los millones recuperados, nos dan la confianza para asegurar que obtendremos la compensaci\u00f3n que usted merece. Nuestra exitosa trayectoria es prueba de la satisfacci\u00f3n de nuestros clientes.&nbsp;<\/p>\n\n\n\n<p>Para programar una consulta gratuita en nuestra oficina de Woodland Hills, llame hoy al <a href=\"tel:8885204139\">888-520-4139 <\/a>o complete nuestro breve <a href=\"https:\/\/staging02.westcoasttriallawyers.com\/es\/contactenos\">formulario de contacto<\/a>.<\/p>\n\n\n\n<figure class=\"wp-block-image size-large\"><img width=\"1024\" height=\"260\" src=\"https:\/\/cms.westcoasttriallawyers.com\/wp-content\/uploads\/2023\/11\/1K7A2738-Edit-crop-1024x260.jpg\" alt=\"\" class=\"wp-image-15149\" srcset=\"https:\/\/staging02.westcoasttriallawyers.com\/wp-content\/uploads\/2023\/11\/1K7A2738-Edit-crop-1024x260.jpg 1024w, https:\/\/staging02.westcoasttriallawyers.com\/wp-content\/uploads\/2023\/11\/1K7A2738-Edit-crop-300x76.jpg 300w, https:\/\/staging02.westcoasttriallawyers.com\/wp-content\/uploads\/2023\/11\/1K7A2738-Edit-crop-768x195.jpg 768w, https:\/\/staging02.westcoasttriallawyers.com\/wp-content\/uploads\/2023\/11\/1K7A2738-Edit-crop-1536x391.jpg 1536w, https:\/\/staging02.westcoasttriallawyers.com\/wp-content\/uploads\/2023\/11\/1K7A2738-Edit-crop-2048x521.jpg 2048w, https:\/\/staging02.westcoasttriallawyers.com\/wp-content\/uploads\/2023\/11\/1K7A2738-Edit-crop-1200x305.jpg 1200w, https:\/\/staging02.westcoasttriallawyers.com\/wp-content\/uploads\/2023\/11\/1K7A2738-Edit-crop-1400x356.jpg 1400w\" sizes=\"(max-width: 1024px) 100vw, 1024px\" \/><\/figure>\n\n\n\n<h2 class=\"wp-block-heading\" id=\"h-tipos-de-casos-que-podemos-ayudarle-a-ganar\"><strong>Tipos de casos que podemos ayudarle a ganar<\/strong><\/h2>\n\n\n\n<p>En West Coast Trial Lawyers, abordamos todo tipo de demanda por lesiones personales. Nos esforzamos por ayudar a todas las v\u00edctimas de lesiones personales. No dude en ponerse en contacto con nosotros si ha sufrido alguna lesi\u00f3n o da\u00f1o despu\u00e9s de un accidente, como los siguientes:<\/p>\n\n\n\n<ul class=\"wp-block-list\">\n<li>Accidentes automovil\u00edsticos<\/li>\n\n\n\n<li>Accidentes de motocicleta<\/li>\n\n\n\n<li>Muerte injusta<\/li>\n\n\n\n<li>Accidentes de Uber y Lyft<\/li>\n\n\n\n<li>Da\u00f1o cerebral<\/li>\n\n\n\n<li>Lesi\u00f3n de la m\u00e9dula espinal<\/li>\n\n\n\n<li>Mordidas de perro<\/li>\n\n\n\n<li>Accidentes de motoneta (<em>scooter<\/em>)<\/li>\n\n\n\n<li>Responsabilidad de los locales<\/li>\n\n\n\n<li>Accidentes de bicicleta<\/li>\n\n\n\n<li>Lesi\u00f3n por quemadura<\/li>\n\n\n\n<li>Accidentes de peatones<\/li>\n\n\n\n<li>Accidentes de camiones<\/li>\n\n\n\n<li>Accidentes de autob\u00fas<\/li>\n\n\n\n<li>Accidentes de entrega de alimentos<\/li>\n<\/ul>\n\n\n\n<h2 class=\"wp-block-heading\" id=\"h-por-que-deberia-contratar-a-un-abogado-de-lesiones-personales-de-woodland-hills\"><strong>\u00bfPor qu\u00e9 deber\u00eda contratar a un abogado de lesiones personales de Woodland Hills?<\/strong><\/h2>\n\n\n\n<p>Es importante adquirir representaci\u00f3n legal despu\u00e9s de un accidente. Su abogado lo ayudar\u00e1 a presentar un reclamo, negociar con las compa\u00f1\u00edas de seguros y recuperar una compensaci\u00f3n justa para cubrir los da\u00f1os, como facturas m\u00e9dicas, da\u00f1os a la propiedad, salarios perdidos, dolor y sufrimiento, y m\u00e1s.<\/p>\n\n\n\n<p>Si decide manejar su situaci\u00f3n sin el apoyo de un abogado, le puede resultar dif\u00edcil equilibrar sus prioridades, recopilar evidencia y discutir su situaci\u00f3n con las compa\u00f1\u00edas de seguros. Las compa\u00f1\u00edas de seguros suelen encontrar a las personas sin representaci\u00f3n legal como un blanco f\u00e1cil para ofrecerles una compensaci\u00f3n baja. Adem\u00e1s, prestan mucha atenci\u00f3n a sus declaraciones para usar cualquier detalle en su contra.<\/p>\n\n\n\n<h2 class=\"wp-block-heading\" id=\"h-evidencia-para-incluir-en-su-reclamo-por-lesiones-personales-de-woodland-hills\"><strong>Evidencia para incluir en su reclamo por lesiones personales de Woodland Hills<\/strong><\/h2>\n\n\n\n<p>En una demanda por lesiones personales, se le pedir\u00e1 que re\u00fana evidencia para fundamentar un reclamo contra la otra parte. Su abogado de lesiones personales de Woodland Hills evaluar\u00e1 la evidencia disponible, para determinar los pasos del proceso apropiados para aumentar sus posibilidades de obtener una oferta de acuerdo justo.<\/p>\n\n\n\n<p>Para cada accidente hay diferentes tipos de evidencia que deben presentarse. Por ejemplo, si su reclamo por lesiones personales gira en torno a un accidente automovil\u00edstico, debe tener lo siguiente como evidencia:<\/p>\n\n\n\n<ul class=\"wp-block-list\">\n<li>Copia del informe policial oficial<\/li>\n\n\n\n<li>Informaci\u00f3n de testigos<\/li>\n\n\n\n<li>Fotograf\u00edas o secuencias de video de sus lesiones y\/o da\u00f1os<\/li>\n\n\n\n<li>Fotograf\u00edas o im\u00e1genes de video del lugar donde ocurri\u00f3 el accidente<\/li>\n\n\n\n<li>Documentaci\u00f3n de su perspectiva del accidente<\/li>\n\n\n\n<li>Registros m\u00e9dicos de las lesiones causadas por el accidente<\/li>\n\n\n\n<li>Im\u00e1genes de seguridad<\/li>\n<\/ul>\n\n\n\n<h2 class=\"wp-block-heading\" id=\"h-leyes-de-lesiones-personales-de-california-que-podrian-afectar-su-caso\"><strong>Leyes de lesiones personales de California que podr\u00edan afectar su caso<\/strong><\/h2>\n\n\n\n<p>Una vez que haya comenzado el proceso de presentar un reclamo por lesiones personales, deber\u00e1 comprender las leyes de lesiones personales de California para entender c\u00f3mo podr\u00edan impactar el resultado de su compensaci\u00f3n.<\/p>\n\n\n\n<h2 class=\"wp-block-heading\" id=\"h-habitante-de-un-estado-donde-se-practica-la-negligencia-comparativa-pura\"><strong>Habitante de un estado donde se practica la negligencia comparativa pura<\/strong><\/h2>\n\n\n\n<p>California se rige seg\u00fan un sistema de negligencia comparativa pura. Negligencia comparativa pura significa que si usted es parcialmente culpable de causar un accidente, a\u00fan puede obtener una compensaci\u00f3n. Sin embargo, el monto de dicha compensaci\u00f3n se reducir\u00e1 seg\u00fan la cantidad de negligencia que se le atribuya.<\/p>\n\n\n\n<p>Por ejemplo, si estaba mirando su tel\u00e9fono mientras conduc\u00eda y lo golpe\u00f3 un conductor que iba a exceso de velocidad, es posible que tenga un 20 por ciento de responsabilidad por los da\u00f1os. El 20 por ciento reducir\u00e1 su compensaci\u00f3n disponible al 80 por ciento.<\/p>\n\n\n\n<p>Para asegurarse de obtener una oferta de acuerdo justa, debe contratar a un abogado con experiencia en lesiones personales de Woodland Hills para que lo represente. La otra parte intentar\u00e1 argumentar en su contra indicando que usted tuvo m\u00e1s culpa por el accidente, su abogado lo ayudar\u00e1 a presentar un argumento s\u00f3lido para garantizar que se le d\u00e9 la cantidad que se merece.<\/p>\n\n\n\n<h2 class=\"wp-block-heading\" id=\"h-estatuto-de-limitaciones-para-un-reclamo-por-lesiones-personales-en-woodland-hills\"><strong>Estatuto de limitaciones para un reclamo por lesiones personales en Woodland Hills<\/strong><\/h2>\n\n\n\n<p>El estatuto de limitaciones para un reclamo por lesiones personales es de dos a\u00f1os. Una vez que haya excedido la fecha l\u00edmite, pierde el derecho de presentar un reclamo por lesiones personales contra la otra parte. Sin embargo, hay algunas excepciones a la extensi\u00f3n del plazo. El demandante debe:<\/p>\n\n\n\n<ul class=\"wp-block-list\">\n<li>Ser menor de edad,<\/li>\n\n\n\n<li>Estar en la c\u00e1rcel,<\/li>\n\n\n\n<li>Estar fuera del estado, o<\/li>\n\n\n\n<li>Tener un diagn\u00f3stico de demencia.<\/li>\n<\/ul>\n\n\n\n<p>La \u201cregla de descubrimiento\u201d tambi\u00e9n puede afectar el estatuto de limitaciones. Es decir que el estatuto de limitaciones comenzar\u00e1 en la fecha en que se descubri\u00f3 o deber\u00eda haberse descubierto la lesi\u00f3n cuando no fue el mismo d\u00eda del accidente.<\/p>\n\n\n\n<h2 class=\"wp-block-heading\" id=\"h-que-danos-estan-disponibles-en-un-reclamo-por-lesiones-personales-de-woodland-hills\"><strong>\u00bfQu\u00e9 da\u00f1os est\u00e1n disponibles en un reclamo por lesiones personales de Woodland Hills?<\/strong><\/h2>\n\n\n\n<p>Las v\u00edctimas de lesiones personales tienen derecho a recibir una compensaci\u00f3n por las p\u00e9rdidas causadas por un accidente. Por lo general, tendr\u00e1 la oportunidad de recibir da\u00f1os econ\u00f3micos y da\u00f1os no econ\u00f3micos.<\/p>\n\n\n\n<p>Los da\u00f1os econ\u00f3micos son monetarios y los da\u00f1os no econ\u00f3micos incluyen sus p\u00e9rdidas emocionales y f\u00edsicas. Algunos de los tipos de da\u00f1os m\u00e1s com\u00fanmente otorgados en un reclamo por lesiones personales de Woodland Hills son:<\/p>\n\n\n\n<ul class=\"wp-block-list\">\n<li>Dolor y sufrimiento<\/li>\n\n\n\n<li>Cicatrizaci\u00f3n<\/li>\n\n\n\n<li>Desfiguraci\u00f3n<\/li>\n\n\n\n<li>P\u00e9rdida del disfrute de la vida<\/li>\n\n\n\n<li>Estr\u00e9s emocional<\/li>\n\n\n\n<li>Salarios perdidos<\/li>\n\n\n\n<li>P\u00e9rdida de la capacidad de generar ingresos<\/li>\n\n\n\n<li>Da\u00f1o a la propiedad<\/li>\n\n\n\n<li>Facturas m\u00e9dicas<\/li>\n\n\n\n<li>P\u00e9rdida de consorcio<\/li>\n<\/ul>\n\n\n\n<p>Es posible obtener tambi\u00e9n da\u00f1os punitivos. Los da\u00f1os punitivos tienen la finalidad de servir como castigo y solo se otorgan cuando el comportamiento del acusado es especialmente da\u00f1ino. Se otorga a discreci\u00f3n del tribunal y var\u00eda seg\u00fan las circunstancias espec\u00edficas de un caso.<\/p>\n\n\n\n<h2 class=\"wp-block-heading\" id=\"h-preguntas-frecuentes-sobre-woodland-hills\"><strong>Preguntas frecuentes sobre Woodland Hills<\/strong><\/h2>\n\n\n\n<p>Vivir la experiencia de un reclamo por lesiones personales puede ser un desaf\u00edo. Por eso, instamos a quienes est\u00e9n interesados en presentar un reclamo de este tipo a obtener informaci\u00f3n legal acerca de qu\u00e9 esperar, para ayudarle a sentirse m\u00e1s preparado, informado y seguro a medida que avance su caso.<\/p>\n\n\n\n<p>A continuaci\u00f3n, hemos enumerado algunas de las preguntas m\u00e1s comunes durante nuestros a\u00f1os de experiencia resolviendo casos de lesiones personales en California.<\/p>\n\n\n\n<p>Si sus preguntas no quedan respondidas, le invitamos a comunicarse con nuestra oficina de Woodland Hills para programar una consulta gratuita con nuestros abogados de lesiones personales para analizar sus inquietudes con mayor detalle.<\/p>\n\n\n\n<p><strong>\u00bfTendr\u00e9 que ir a la corte?<\/strong><\/p>\n\n\n\n<p>Depende de su caso, pero s\u00ed, es posible ir a juicio. Su abogado evaluar\u00e1 su caso para determinar si puede obtener una oferta de compensaci\u00f3n justa a trav\u00e9s de la compa\u00f1\u00eda de seguros. De lo contrario, tendr\u00e1 que llevar su caso a los tribunales para obtener una compensaci\u00f3n acorde a sus p\u00e9rdidas.<\/p>\n\n\n\n<p><strong>\u00bfCu\u00e1nto cuesta contratar a un abogado de lesiones personales?<\/strong><\/p>\n\n\n\n<p>No hay una respuesta exacta para este tipo de preguntas. Cada abogado ofrecer\u00e1 una cantidad diferente de pago por los servicios que ofrecen. En West Coast Trial Lawyers, trabajamos con clientes en base a honorarios de contingencia. Esto significa que usted no cubre ning\u00fan gasto de su bolsillo. Tampoco necesita cubrir los honorarios de los abogados hasta que resolvamos exitosamente su caso. Los detalles espec\u00edficos de su acuerdo de contingencia se pueden discutir durante su consulta gratuita.<\/p>\n\n\n\n<p><strong>\u00bfPuedo presentar un reclamo por mi hijo lesionado?<\/strong><\/p>\n\n\n\n<p>S\u00ed. El padre o tutor legal del ni\u00f1o lesionado tiene derecho a presentar una demanda por lesiones personales contra la parte culpable por da\u00f1os y perjuicios. Se le pide que re\u00fana evidencia para probar que la negligencia de la otra parte fue la causa principal de las lesiones del ni\u00f1o. Los tres elementos de negligencia que deben cubrirse en su caso incluyen:<\/p>\n\n\n\n<ul class=\"wp-block-list\">\n<li>El acusado le deb\u00eda al ni\u00f1o el deber de cuidado;<\/li>\n\n\n\n<li>El acusado incumpli\u00f3 su deber de cuidado; y<\/li>\n\n\n\n<li>Las acciones ilegales del acusado causaron lesiones en el ni\u00f1o.<\/li>\n<\/ul>\n\n\n\n<h2 class=\"wp-block-heading\" id=\"h-obtenga-ayuda-de-nuestros-abogados-de-lesiones-personales-de-woodland-hills-hoy\"><strong>Obtenga ayuda de nuestros abogados de lesiones personales de Woodland Hills hoy<\/strong><\/h2>\n\n\n\n<p>Si usted o un ser querido sufrieron lesiones graves debido a la negligencia de otra parte, nuestros abogados experimentados en lesiones personales de Woodland Hills en West Coast Trial Lawyers est\u00e1n disponibles las 24 horas del d\u00eda, los 7 d\u00edas de la semana para ofrecer asistencia legal.<\/p>\n\n\n\n<p>Cont\u00e1ctenos hoy llamando al <a href=\"tel:8885204139\">888-520-4139<\/a> o completando nuestro <a href=\"https:\/\/staging02.westcoasttriallawyers.com\/es\/contactenos\">formulario de contacto<\/a> para programar una conferencia gratuita.<\/p>\n\n<!-- WCTL_DEBUG: no shortcode in this_content -->","protected":false},"excerpt":{"rendered":"<p>Llame ahora para una consulta gratuita con un abogado de Woodland Hills \u00bfSufriste lesiones en un accidente causado por negligencia de otra persona? \u00bfSu vida ha estado muy afectada desde el accidente? Si es as\u00ed, puede tener derecho a presentar un reclamo por lesiones personales para obtener una compensaci\u00f3n por sus p\u00e9rdidas. Invitamos a las [&hellip;]<\/p>\n","protected":false},"author":470,"featured_media":18316,"parent":0,"menu_order":832,"comment_status":"closed","ping_status":"closed","template":"","meta":{"_acf_changed":false,"inline_featured_image":false,"footnotes":""},"class_list":["post-8695","page","type-page","status-publish","has-post-thumbnail","hentry"],"acf":[],"yoast_head":"<!-- This site is optimized with the Yoast SEO Premium plugin v26.0 (Yoast SEO v26.0) - https:\/\/yoast.com\/wordpress\/plugins\/seo\/ -->\n<title>Abogados Para Lesiones Personales en Woodland Hills<\/title>\n<meta name=\"description\" content=\"V\u00edctimas de lesiones personales comun\u00edquense con nuestros abogados para comenzar el proceso de presentaci\u00f3n de un reclamo. Pagas solo cuando ganas!\" \/>\n<meta name=\"robots\" content=\"index, follow, max-snippet:-1, max-image-preview:large, max-video-preview:-1\" \/>\n<link rel=\"canonical\" href=\"https:\/\/staging02.westcoasttriallawyers.com\/es\/abogados-de-lesiones-personales-woodland-hills\" \/>\n<meta property=\"og:locale\" content=\"es_ES\" \/>\n<meta property=\"og:type\" content=\"article\" \/>\n<meta property=\"og:title\" content=\"Abogados Para Lesiones Personales en Woodland Hills\" \/>\n<meta property=\"og:description\" content=\"V\u00edctimas de lesiones personales comun\u00edquense con nuestros abogados para comenzar el proceso de presentaci\u00f3n de un reclamo. Pagas solo cuando ganas!\" \/>\n<meta property=\"og:url\" content=\"https:\/\/staging02.westcoasttriallawyers.com\/es\/abogados-de-lesiones-personales-woodland-hills\" \/>\n<meta property=\"og:site_name\" content=\"West Coast Trial Lawyers\" \/>\n<meta property=\"article:publisher\" content=\"https:\/\/www.facebook.com\/westcoasttriallawyers\/\" \/>\n<meta property=\"article:modified_time\" content=\"2023-11-21T22:38:42+00:00\" \/>\n<meta property=\"og:image\" content=\"https:\/\/staging02.westcoasttriallawyers.com\/wp-content\/uploads\/2025\/03\/Woodland-Hills-Featured-Image.webp\" \/>\n\t<meta property=\"og:image:width\" content=\"2205\" \/>\n\t<meta property=\"og:image:height\" content=\"1360\" \/>\n\t<meta property=\"og:image:type\" content=\"image\/webp\" \/>\n<meta name=\"twitter:card\" content=\"summary_large_image\" \/>\n<meta name=\"twitter:site\" content=\"@WestCoastTrial\" \/>\n<meta name=\"twitter:label1\" content=\"Tiempo de lectura\" \/>\n\t<meta name=\"twitter:data1\" content=\"7 minutos\" \/>\n<script type=\"application\/ld+json\" class=\"yoast-schema-graph\">{\"@context\":\"https:\/\/schema.org\",\"@graph\":[{\"@type\":\"WebPage\",\"@id\":\"https:\/\/staging02.westcoasttriallawyers.com\/es\/abogados-de-lesiones-personales-woodland-hills\",\"url\":\"https:\/\/staging02.westcoasttriallawyers.com\/es\/abogados-de-lesiones-personales-woodland-hills\",\"name\":\"Abogados Para Lesiones Personales en Woodland Hills\",\"isPartOf\":{\"@id\":\"https:\/\/staging02.westcoasttriallawyers.com\/es#website\"},\"primaryImageOfPage\":{\"@id\":\"https:\/\/staging02.westcoasttriallawyers.com\/es\/abogados-de-lesiones-personales-woodland-hills#primaryimage\"},\"image\":{\"@id\":\"https:\/\/staging02.westcoasttriallawyers.com\/es\/abogados-de-lesiones-personales-woodland-hills#primaryimage\"},\"thumbnailUrl\":\"https:\/\/staging02.westcoasttriallawyers.com\/wp-content\/uploads\/2025\/03\/Woodland-Hills-Featured-Image.webp\",\"datePublished\":\"2022-05-04T15:22:56+00:00\",\"dateModified\":\"2023-11-21T22:38:42+00:00\",\"description\":\"V\u00edctimas de lesiones personales comun\u00edquense con nuestros abogados para comenzar el proceso de presentaci\u00f3n de un reclamo. Pagas solo cuando ganas!\",\"breadcrumb\":{\"@id\":\"https:\/\/staging02.westcoasttriallawyers.com\/es\/abogados-de-lesiones-personales-woodland-hills#breadcrumb\"},\"inLanguage\":\"es\",\"potentialAction\":[{\"@type\":\"ReadAction\",\"target\":[\"https:\/\/staging02.westcoasttriallawyers.com\/es\/abogados-de-lesiones-personales-woodland-hills\"]}]},{\"@type\":\"ImageObject\",\"inLanguage\":\"es\",\"@id\":\"https:\/\/staging02.westcoasttriallawyers.com\/es\/abogados-de-lesiones-personales-woodland-hills#primaryimage\",\"url\":\"https:\/\/staging02.westcoasttriallawyers.com\/wp-content\/uploads\/2025\/03\/Woodland-Hills-Featured-Image.webp\",\"contentUrl\":\"https:\/\/staging02.westcoasttriallawyers.com\/wp-content\/uploads\/2025\/03\/Woodland-Hills-Featured-Image.webp\",\"width\":2205,\"height\":1360,\"caption\":\"An overview shot of the Warner Center in Woodland Hills, CA.\"},{\"@type\":\"BreadcrumbList\",\"@id\":\"https:\/\/staging02.westcoasttriallawyers.com\/es\/abogados-de-lesiones-personales-woodland-hills#breadcrumb\",\"itemListElement\":[{\"@type\":\"ListItem\",\"position\":1,\"name\":\"Home\",\"item\":\"https:\/\/staging02.westcoasttriallawyers.com\/es\"},{\"@type\":\"ListItem\",\"position\":2,\"name\":\"Abogados Para Lesiones Personales en Woodland Hills\"}]},{\"@type\":\"WebSite\",\"@id\":\"https:\/\/staging02.westcoasttriallawyers.com\/es#website\",\"url\":\"https:\/\/staging02.westcoasttriallawyers.com\/es\",\"name\":\"West Coast Trial Lawyers\",\"description\":\"West Coast Trial Lawyers\",\"potentialAction\":[{\"@type\":\"SearchAction\",\"target\":{\"@type\":\"EntryPoint\",\"urlTemplate\":\"https:\/\/staging02.westcoasttriallawyers.com\/es?s={search_term_string}\"},\"query-input\":{\"@type\":\"PropertyValueSpecification\",\"valueRequired\":true,\"valueName\":\"search_term_string\"}}],\"inLanguage\":\"es\"}]}<\/script>\n<!-- \/ Yoast SEO Premium plugin. -->","yoast_head_json":{"title":"Abogados Para Lesiones Personales en Woodland Hills","description":"V\u00edctimas de lesiones personales comun\u00edquense con nuestros abogados para comenzar el proceso de presentaci\u00f3n de un reclamo. Pagas solo cuando ganas!","robots":{"index":"index","follow":"follow","max-snippet":"max-snippet:-1","max-image-preview":"max-image-preview:large","max-video-preview":"max-video-preview:-1"},"canonical":"https:\/\/staging02.westcoasttriallawyers.com\/es\/abogados-de-lesiones-personales-woodland-hills","og_locale":"es_ES","og_type":"article","og_title":"Abogados Para Lesiones Personales en Woodland Hills","og_description":"V\u00edctimas de lesiones personales comun\u00edquense con nuestros abogados para comenzar el proceso de presentaci\u00f3n de un reclamo. Pagas solo cuando ganas!","og_url":"https:\/\/staging02.westcoasttriallawyers.com\/es\/abogados-de-lesiones-personales-woodland-hills","og_site_name":"West Coast Trial Lawyers","article_publisher":"https:\/\/www.facebook.com\/westcoasttriallawyers\/","article_modified_time":"2023-11-21T22:38:42+00:00","og_image":[{"width":2205,"height":1360,"url":"https:\/\/staging02.westcoasttriallawyers.com\/wp-content\/uploads\/2025\/03\/Woodland-Hills-Featured-Image.webp","type":"image\/webp"}],"twitter_card":"summary_large_image","twitter_site":"@WestCoastTrial","twitter_misc":{"Tiempo de lectura":"7 minutos"},"schema":{"@context":"https:\/\/schema.org","@graph":[{"@type":"WebPage","@id":"https:\/\/staging02.westcoasttriallawyers.com\/es\/abogados-de-lesiones-personales-woodland-hills","url":"https:\/\/staging02.westcoasttriallawyers.com\/es\/abogados-de-lesiones-personales-woodland-hills","name":"Abogados Para Lesiones Personales en Woodland Hills","isPartOf":{"@id":"https:\/\/staging02.westcoasttriallawyers.com\/es#website"},"primaryImageOfPage":{"@id":"https:\/\/staging02.westcoasttriallawyers.com\/es\/abogados-de-lesiones-personales-woodland-hills#primaryimage"},"image":{"@id":"https:\/\/staging02.westcoasttriallawyers.com\/es\/abogados-de-lesiones-personales-woodland-hills#primaryimage"},"thumbnailUrl":"https:\/\/staging02.westcoasttriallawyers.com\/wp-content\/uploads\/2025\/03\/Woodland-Hills-Featured-Image.webp","datePublished":"2022-05-04T15:22:56+00:00","dateModified":"2023-11-21T22:38:42+00:00","description":"V\u00edctimas de lesiones personales comun\u00edquense con nuestros abogados para comenzar el proceso de presentaci\u00f3n de un reclamo. Pagas solo cuando ganas!","breadcrumb":{"@id":"https:\/\/staging02.westcoasttriallawyers.com\/es\/abogados-de-lesiones-personales-woodland-hills#breadcrumb"},"inLanguage":"es","potentialAction":[{"@type":"ReadAction","target":["https:\/\/staging02.westcoasttriallawyers.com\/es\/abogados-de-lesiones-personales-woodland-hills"]}]},{"@type":"ImageObject","inLanguage":"es","@id":"https:\/\/staging02.westcoasttriallawyers.com\/es\/abogados-de-lesiones-personales-woodland-hills#primaryimage","url":"https:\/\/staging02.westcoasttriallawyers.com\/wp-content\/uploads\/2025\/03\/Woodland-Hills-Featured-Image.webp","contentUrl":"https:\/\/staging02.westcoasttriallawyers.com\/wp-content\/uploads\/2025\/03\/Woodland-Hills-Featured-Image.webp","width":2205,"height":1360,"caption":"An overview shot of the Warner Center in Woodland Hills, CA."},{"@type":"BreadcrumbList","@id":"https:\/\/staging02.westcoasttriallawyers.com\/es\/abogados-de-lesiones-personales-woodland-hills#breadcrumb","itemListElement":[{"@type":"ListItem","position":1,"name":"Home","item":"https:\/\/staging02.westcoasttriallawyers.com\/es"},{"@type":"ListItem","position":2,"name":"Abogados Para Lesiones Personales en Woodland Hills"}]},{"@type":"WebSite","@id":"https:\/\/staging02.westcoasttriallawyers.com\/es#website","url":"https:\/\/staging02.westcoasttriallawyers.com\/es","name":"West Coast Trial Lawyers","description":"West Coast Trial Lawyers","potentialAction":[{"@type":"SearchAction","target":{"@type":"EntryPoint","urlTemplate":"https:\/\/staging02.westcoasttriallawyers.com\/es?s={search_term_string}"},"query-input":{"@type":"PropertyValueSpecification","valueRequired":true,"valueName":"search_term_string"}}],"inLanguage":"es"}]}},"_links":{"self":[{"href":"https:\/\/staging02.westcoasttriallawyers.com\/es\/wp-json\/wp\/v2\/pages\/8695","targetHints":{"allow":["GET"]}}],"collection":[{"href":"https:\/\/staging02.westcoasttriallawyers.com\/es\/wp-json\/wp\/v2\/pages"}],"about":[{"href":"https:\/\/staging02.westcoasttriallawyers.com\/es\/wp-json\/wp\/v2\/types\/page"}],"author":[{"embeddable":true,"href":"https:\/\/staging02.westcoasttriallawyers.com\/es\/wp-json\/wp\/v2\/users\/470"}],"replies":[{"embeddable":true,"href":"https:\/\/staging02.westcoasttriallawyers.com\/es\/wp-json\/wp\/v2\/comments?post=8695"}],"version-history":[{"count":0,"href":"https:\/\/staging02.westcoasttriallawyers.com\/es\/wp-json\/wp\/v2\/pages\/8695\/revisions"}],"wp:featuredmedia":[{"embeddable":true,"href":"https:\/\/staging02.westcoasttriallawyers.com\/es\/wp-json\/wp\/v2\/media\/18316"}],"wp:attachment":[{"href":"https:\/\/staging02.westcoasttriallawyers.com\/es\/wp-json\/wp\/v2\/media?parent=8695"}],"curies":[{"name":"wp","href":"https:\/\/api.w.org\/{rel}","templated":true}]}}